{"id":37,"date":"2016-07-04T10:31:29","date_gmt":"2016-07-04T10:31:29","guid":{"rendered":"http:\/\/flatsome.dev\/?page_id=8111"},"modified":"2021-04-05T09:48:41","modified_gmt":"2021-04-05T09:48:41","slug":"meseca","status":"publish","type":"page","link":"https:\/\/kaniko.co.rs\/?page_id=37","title":{"rendered":"MESECA"},"content":{"rendered":"<div class=\"slider-wrapper relative\" id=\"slider-1332160090\" >\n    <div class=\"slider slider-nav-circle slider-nav-large slider-nav-light slider-style-normal\"\n        data-flickity-options='{\n            \"cellAlign\": \"center\",\n            \"imagesLoaded\": true,\n            \"lazyLoad\": 1,\n            \"freeScroll\": false,\n            \"wrapAround\": true,\n            \"autoPlay\": 6000,\n            \"pauseAutoPlayOnHover\" : true,\n            \"prevNextButtons\": true,\n            \"contain\" : true,\n            \"adaptiveHeight\" : true,\n            \"dragThreshold\" : 10,\n            \"percentPosition\": true,\n            \"pageDots\": true,\n            \"rightToLeft\": false,\n            \"draggable\": true,\n            \"selectedAttraction\": 0.1,\n            \"parallax\" : 0,\n            \"friction\": 0.6        }'\n        >\n        \n\n  <div class=\"banner has-hover\" id=\"banner-1259112083\">\n          <div class=\"banner-inner fill\">\n        <div class=\"banner-bg fill\" >\n                                    <div class=\"overlay\"><\/div>            \n\t<div class=\"is-border is-dashed\"\n\t\tstyle=\"border-width:2px 2px 2px 2px;margin:10px 10px 10px 10px;\">\n\t<\/div>\n                    <\/div>\n\t\t\n        <div class=\"banner-layers container\">\n            <div class=\"fill banner-link\"><\/div>            \n   <div id=\"text-box-141582581\" class=\"text-box banner-layer text-box-circle x95 md-x95 lg-x95 y5 md-y5 lg-y5 res-text\">\n                     <div data-animate=\"fadeInRight\">           <div class=\"text-box-content text dark\">\n              \n\t<div class=\"is-border is-dashed\"\n\t\tstyle=\"border-color:rgba(255, 255, 255, 0.19);border-radius:100px;border-width:2px 2px 2px 2px;margin:5px 5px 5px 5px;\">\n\t<\/div>\n              <div class=\"text-inner text-center\">\n                  \n<h3>Do<br \/><span style=\"font-size: 160%;\"><strong>20<span style=\"font-size: 75%;\">%<\/span><br \/><\/strong><\/span>sni\u017eeno<\/h3>\n              <\/div>\n           <\/div>\n       <\/div>                     \n<style>\n#text-box-141582581 {\n  width: 29%;\n}\n#text-box-141582581 .text-box-content {\n  font-size: 100%;\n  transform: rotate(1deg);\n}\n@media (min-width:550px) {\n  #text-box-141582581 {\n    width: 15%;\n  }\n}\n<\/style>\n    <\/div>\n \n   <div id=\"text-box-1119951675\" class=\"text-box banner-layer x50 md-x50 lg-x50 y50 md-y50 lg-y50 res-text\">\n                     <div data-animate=\"flipInY\">           <div class=\"text-box-content text dark\">\n              \n              <div class=\"text-inner text-center\">\n                  \n<h1 class=\"uppercase\"><span style=\"font-size: 300%;\" data-line-height=\"xs\"><strong>akcija<\/strong><\/span><\/h1>\n<h2 class=\"lead\">Svakog meseca<\/h2>\n<span id=\"timer-567657601\" class=\"ux-timer-text\" data-text-plural=\"s\" data-text-hour=\"sat\" data-text-day=\"dan\" data-text-week=\"sedmica\" data-text-min=\"min\" data-text-sec=\"sek\" data-text-hour-p=\"sati\" data-text-day-p=\"dana\" data-text-week-p=\"sedmica\" data-text-min-p=\"min\" data-text-sec-p=\"sek\" data-countdown=\"2021\/4\/30 22:00\"><\/span>\n<style>\n#timer-567657601 {\n  font-size: 114%;\n}\n<\/style>\n\n\t<div id=\"gap-465697806\" class=\"gap-element clearfix\" style=\"display:block; height:auto;\">\n\t\t\n<style>\n#gap-465697806 {\n  padding-top: 23px;\n}\n<\/style>\n\t<\/div>\n\t\n              <\/div>\n           <\/div>\n       <\/div>                     \n<style>\n#text-box-1119951675 {\n  width: 84%;\n}\n#text-box-1119951675 .text-box-content {\n  font-size: 111%;\n}\n@media (min-width:550px) {\n  #text-box-1119951675 {\n    width: 57%;\n  }\n  #text-box-1119951675 .text-box-content {\n    font-size: 100%;\n  }\n}\n<\/style>\n    <\/div>\n \n        <\/div>\n      <\/div>\n\n            \n<style>\n#banner-1259112083 {\n  padding-top: 400px;\n}\n#banner-1259112083 .overlay {\n  background-color: rgb(245, 38, 38);\n}\n<\/style>\n  <\/div>\n\n\n     <\/div>\n\n     <div class=\"loading-spin dark large centered\"><\/div>\n\n\t<\/div>\n\n\n\t<div id=\"gap-1768452198\" class=\"gap-element clearfix\" style=\"display:block; height:auto;\">\n\t\t\n<style>\n#gap-1768452198 {\n  padding-top: 28px;\n}\n<\/style>\n\t<\/div>\n\t\n<div class=\"row\"  id=\"row-1738378492\">\n\n\t<div id=\"col-1422570698\" class=\"col hide-for-medium small-6 large-12\"  >\n\t\t\t\t<div class=\"col-inner text-center\"  >\n\t\t\t\n\t\t\t\n\t<div class=\"img has-hover x md-x lg-x y md-y lg-y\" id=\"image_145961667\">\n\t\t\t\t\t\t\t\t<div class=\"img-inner dark\" >\n\t\t\t<img decoding=\"async\" width=\"1020\" height=\"273\" src=\"https:\/\/media2.kaniko.co.rs\/2021\/02\/izdvojeno.png\" class=\"attachment-large size-large\" alt=\"\" srcset=\"http:\/\/media2.kaniko.co.rs\/2021\/02\/izdvojeno.png 1024w, http:\/\/media2.kaniko.co.rs\/2021\/02\/izdvojeno-800x214.png 800w, http:\/\/media2.kaniko.co.rs\/2021\/02\/izdvojeno-768x206.png 768w, http:\/\/media2.kaniko.co.rs\/2021\/02\/izdvojeno-600x161.png 600w\" sizes=\"(max-width: 1020px) 100vw, 1020px\" \/>\t\t\t\t\t\t\n\t\t\t\t\t<\/div>\n\t\t\t\t\t\t\t\t\n<style>\n#image_145961667 {\n  width: 35%;\n}\n<\/style>\n\t<\/div>\n\t\n\t\t<\/div>\n\t\t\t\t\t<\/div>\n\n\t\n<\/div>\n\n\t<section class=\"section\" id=\"section_631407535\">\n\t\t<div class=\"section-bg fill\" >\n\t\t\t\t\t\t\t\t\t\n\t\t\t\n\n\t\t<\/div>\n\n\t\t\n\n\t\t<div class=\"section-content relative\">\n\t\t\t\n<div class=\"row\"  id=\"row-104845579\">\n\n\t<div id=\"col-1316351566\" class=\"col medium-3 small-6 large-3\"  >\n\t\t\t\t<div class=\"col-inner\"  >\n\t\t\t\n\t\t\t\n\t<div class=\"box has-hover   has-hover box-text-bottom\" >\n\n\t\t<div class=\"box-image\" >\n\t\t\t\t\t\t<div class=\"image-cover\" style=\"padding-top:100%;\">\n\t\t\t\t<img decoding=\"async\" width=\"306\" height=\"306\" src=\"https:\/\/media2.kaniko.co.rs\/2021\/04\/cizkejk-mala3.png\" class=\"attachment-original size-original\" alt=\"\" srcset=\"http:\/\/media2.kaniko.co.rs\/2021\/04\/cizkejk-mala3.png 306w, http:\/\/media2.kaniko.co.rs\/2021\/04\/cizkejk-mala3-280x280.png 280w, http:\/\/media2.kaniko.co.rs\/2021\/04\/cizkejk-mala3-300x300.png 300w, http:\/\/media2.kaniko.co.rs\/2021\/04\/cizkejk-mala3-100x100.png 100w\" sizes=\"(max-width: 306px) 100vw, 306px\" \/>\t\t\t\t\t\t\t\t\t\t\t<\/div>\n\t\t\t\t\t<\/div>\n\n\t\t<div class=\"box-text text-center\" >\n\t\t\t<div class=\"box-text-inner\">\n\t\t\t\t\n<h4>119,90<\/h4>\n<p>\u010cIZKEJK<\/br><\/p>\n\t\t\t<\/div>\n\t\t<\/div>\n\t<\/div>\n\t\n\t\t<\/div>\n\t\t\t\t\t<\/div>\n\n\t\n\n\t<div id=\"col-330600254\" class=\"col medium-3 small-6 large-3\"  >\n\t\t\t\t<div class=\"col-inner\"  >\n\t\t\t\n\t\t\t\n\t<div class=\"box has-hover   has-hover box-text-bottom\" >\n\n\t\t<div class=\"box-image\" >\n\t\t\t\t\t\t<div class=\"\" >\n\t\t\t\t<img decoding=\"async\" width=\"176\" height=\"176\" src=\"https:\/\/media2.kaniko.co.rs\/2021\/02\/smoki.png\" class=\"attachment- size-\" alt=\"\" srcset=\"http:\/\/media2.kaniko.co.rs\/2021\/02\/smoki.png 176w, http:\/\/media2.kaniko.co.rs\/2021\/02\/smoki-100x100.png 100w\" sizes=\"(max-width: 176px) 100vw, 176px\" \/>\t\t\t\t\t\t\t\t\t\t\t<\/div>\n\t\t\t\t\t<\/div>\n\n\t\t<div class=\"box-text text-center\" >\n\t\t\t<div class=\"box-text-inner\">\n\t\t\t\t\n<h4>29,90<\/h4>\n<p>SMOKI<\/br>750 g<\/p>\n\t\t\t<\/div>\n\t\t<\/div>\n\t<\/div>\n\t\n\t\t<\/div>\n\t\t\t\t\t<\/div>\n\n\t\n\n\t<div id=\"col-865727523\" class=\"col medium-3 small-6 large-3\"  >\n\t\t\t\t<div class=\"col-inner\"  >\n\t\t\t\n\t\t\t\n\t<div class=\"box has-hover   has-hover box-text-bottom\" >\n\n\t\t<div class=\"box-image\" >\n\t\t\t\t\t\t<div class=\"\" >\n\t\t\t\t<img decoding=\"async\" width=\"306\" height=\"306\" src=\"https:\/\/media2.kaniko.co.rs\/2021\/04\/krompir-mala.png\" class=\"attachment- size-\" alt=\"\" srcset=\"http:\/\/media2.kaniko.co.rs\/2021\/04\/krompir-mala.png 306w, http:\/\/media2.kaniko.co.rs\/2021\/04\/krompir-mala-280x280.png 280w, http:\/\/media2.kaniko.co.rs\/2021\/04\/krompir-mala-300x300.png 300w, http:\/\/media2.kaniko.co.rs\/2021\/04\/krompir-mala-100x100.png 100w\" sizes=\"(max-width: 306px) 100vw, 306px\" \/>\t\t\t\t\t\t\t\t\t\t\t<\/div>\n\t\t\t\t\t<\/div>\n\n\t\t<div class=\"box-text text-center\" >\n\t\t\t<div class=\"box-text-inner\">\n\t\t\t\t\n<h4>190,00<\/h4>\n<p>KROMPIR<\/br>d\u017eak<\/p>\n\t\t\t<\/div>\n\t\t<\/div>\n\t<\/div>\n\t\n\t\t<\/div>\n\t\t\t\t\t<\/div>\n\n\t\n\n\t<div id=\"col-1601354099\" class=\"col medium-3 small-6 large-3\"  >\n\t\t\t\t<div class=\"col-inner\"  >\n\t\t\t\n\t\t\t\n\t<div class=\"box has-hover   has-hover box-text-bottom\" >\n\n\t\t<div class=\"box-image\" >\n\t\t\t\t\t\t<div class=\"\" >\n\t\t\t\t<img decoding=\"async\" width=\"306\" height=\"306\" src=\"https:\/\/media2.kaniko.co.rs\/2021\/04\/president-maslac2.png\" class=\"attachment- size-\" alt=\"\" srcset=\"http:\/\/media2.kaniko.co.rs\/2021\/04\/president-maslac2.png 306w, http:\/\/media2.kaniko.co.rs\/2021\/04\/president-maslac2-280x280.png 280w, http:\/\/media2.kaniko.co.rs\/2021\/04\/president-maslac2-300x300.png 300w, http:\/\/media2.kaniko.co.rs\/2021\/04\/president-maslac2-100x100.png 100w\" sizes=\"(max-width: 306px) 100vw, 306px\" \/>\t\t\t\t\t\t\t\t\t\t\t<\/div>\n\t\t\t\t\t<\/div>\n\n\t\t<div class=\"box-text text-center\" >\n\t\t\t<div class=\"box-text-inner\">\n\t\t\t\t\n<h4>189,00<\/h4>\n<p>Maslac PRESIDENT<\/br>125 g<\/p>\n\t\t\t<\/div>\n\t\t<\/div>\n\t<\/div>\n\t\n\t\t<\/div>\n\t\t\t\t\t<\/div>\n\n\t\n<\/div>\n<div class=\"row\"  id=\"row-1485072511\">\n\n\t<div id=\"col-1364375487\" class=\"col medium-4 small-12 large-4\"  >\n\t\t\t\t<div class=\"col-inner\"  >\n\t\t\t\n\t\t\t\n\t\t<\/div>\n\t\t\t\t\t<\/div>\n\n\t\n\n\t<div id=\"col-1042604598\" class=\"col medium-4 small-12 large-4\"  >\n\t\t\t\t<div class=\"col-inner\"  >\n\t\t\t\n\t\t\t\n<a data-animate=\"flipInY\" href=\"http:\/\/media2.kaniko.co.rs\/2021\/04\/liflet-sajt-vertikalna.jpg\" target=\"_blank\" class=\"button alert is-outline is-larger\" rel=\"noopener\"  style=\"padding:0px 0px 0px px;\">\n\t\t<span>CELA PONUDA<\/span>\n\t<\/a>\n\n\t\t<\/div>\n\t\t\t\t\n<style>\n#col-1042604598 > .col-inner {\n  padding: 0px 0px 0px 50px;\n}\n<\/style>\n\t<\/div>\n\n\t\n\n\t<div id=\"col-582696574\" class=\"col medium-4 small-12 large-4\"  >\n\t\t\t\t<div class=\"col-inner\"  >\n\t\t\t\n\t\t\t\n\t\t<\/div>\n\t\t\t\t\t<\/div>\n\n\t\n<\/div>\n<div class=\"message-box relative dark\" style=\"padding-top:36px;padding-bottom:36px;\"><div class=\"message-box-bg-image bg-fill fill\" style=\"background-image:url(https:\/\/media2.kaniko.co.rs\/2021\/02\/dostava13-1250x800.jpg);\"><\/div><div class=\"message-box-bg-overlay bg-fill fill\" ><\/div><div class=\"container relative\"><div class=\"inner last-reset\">\n<div class=\"row align-middle\"  id=\"row-1743525075\">\n\n\t<div id=\"col-1518692751\" class=\"col medium-7 small-12 large-7\"  >\n\t\t\t\t<div class=\"col-inner\"  >\n\t\t\t\n\t\t\t\n\t<div id=\"text-175275672\" class=\"text\">\n\t\t\n<h2 class=\"uppercase\">dostava<\/h2>\n<h4 class=\"uppercase\">066\/802-3214<\/h4>\n<h5 class=\"uppercase\">VIBER SMS<\/h5>\n<h5>kaniko@kaniko.co.rs<\/h5>\n\t\t\n<style>\n#text-175275672 {\n  color: #dd2622;\n}\n#text-175275672 > * {\n  color: #dd2622;\n}\n<\/style>\n\t<\/div>\n\t\n\t\t<\/div>\n\t\t\t\t\t<\/div>\n\n\t\n\n\t<div id=\"col-1364695801\" class=\"col medium-5 small-12 large-5\"  >\n\t\t\t\t<div class=\"col-inner text-right\"  >\n\t\t\t\n\t\t\t\n\t\t<\/div>\n\t\t\t\t\t<\/div>\n\n\t\n\n\t<div id=\"col-974281551\" class=\"col medium-4 small-12 large-4\"  >\n\t\t\t\t<div class=\"col-inner\"  >\n\t\t\t\n\t\t\t\n\t\t<\/div>\n\t\t\t\t\t<\/div>\n\n\t\n<\/div>\n<\/div><\/div><\/div>\n\t\t<\/div>\n\n\t\t\n<style>\n#section_631407535 {\n  padding-top: 30px;\n  padding-bottom: 30px;\n}\n<\/style>\n\t<\/section>\n\t\n<div class=\"container section-title-container\" ><h3 class=\"section-title section-title-bold-center\"><b><\/b><span class=\"section-title-main\" >VESTI<\/span><b><\/b><\/h3><\/div>\n\n  \n    <div class=\"row large-columns-3 medium-columns- small-columns-1 has-shadow row-box-shadow-1 row-box-shadow-4-hover slider row-slider slider-nav-reveal slider-nav-push\"  data-flickity-options='{&quot;imagesLoaded&quot;: true, &quot;groupCells&quot;: &quot;100%&quot;, &quot;dragThreshold&quot; : 5, &quot;cellAlign&quot;: &quot;left&quot;,&quot;wrapAround&quot;: true,&quot;prevNextButtons&quot;: true,&quot;percentPosition&quot;: true,&quot;pageDots&quot;: false, &quot;rightToLeft&quot;: false, &quot;autoPlay&quot; : false}' >\n\n  <div class=\"col post-item\" >\n\t\t\t<div class=\"col-inner\">\n\t\t\t\t<div class=\"box box-text-bottom box-blog-post has-hover\">\n            \t\t\t\t\t<div class=\"box-image\" >\n  \t\t\t\t\t\t<div class=\"image-cover\" style=\"padding-top:181px;\">\n\t\t\t\t\t\t\t<a href=\"https:\/\/kaniko.co.rs\/?p=975\" class=\"plain\" aria-label=\"Kuvani kupus &#8211; recept meseca\">\n\t\t\t\t\t\t\t\t<img decoding=\"async\" width=\"600\" height=\"400\" src=\"https:\/\/media2.kaniko.co.rs\/2021\/03\/kiseli-kupus-600x400.jpg\" class=\"attachment-medium size-medium wp-post-image\" alt=\"kuvani upus\" srcset=\"http:\/\/media2.kaniko.co.rs\/2021\/03\/kiseli-kupus-600x400.jpg 600w, http:\/\/media2.kaniko.co.rs\/2021\/03\/kiseli-kupus.jpg 750w\" sizes=\"(max-width: 600px) 100vw, 600px\" \/>\t\t\t\t\t\t\t<\/a>\n  \t\t\t\t\t\t\t  \t\t\t\t\t\t\t  \t\t\t\t\t\t<\/div>\n  \t\t\t\t\t\t  \t\t\t\t\t<\/div>\n          \t\t\t\t\t<div class=\"box-text text-center\" >\n\t\t\t\t\t<div class=\"box-text-inner blog-post-inner\">\n\n\t\t\t\t\t\n\t\t\t\t\t\t\t\t\t\t<h5 class=\"post-title is-large \">\n\t\t\t\t\t\t<a href=\"https:\/\/kaniko.co.rs\/?p=975\" class=\"plain\">Kuvani kupus &#8211; recept meseca<\/a>\n\t\t\t\t\t<\/h5>\n\t\t\t\t\t\t\t\t\t\t<div class=\"is-divider\"><\/div>\n\t\t\t\t\t\t\t\t\t\t<p class=\"from_the_blog_excerpt \">\n\t\t\t\t\t\tRecept meseca &#8211; kuvani kupus Proverite na\u0161e cene na mese\u010dnoj akciji&#8230; Kupus Kuvani kupus je [...]\t\t\t\t\t<\/p>\n\t\t\t\t\t                    \n\t\t\t\t\t\n\t\t\t\t\t\n\t\t\t\t\t<\/div>\n\t\t\t\t\t<\/div>\n\t\t\t\t\t\t\t\t\t\t\t\t\t\t\t\t<div class=\"badge absolute top post-date badge-outline\">\n\t\t\t\t\t\t\t<div class=\"badge-inner\">\n\t\t\t\t\t\t\t\t<span class=\"post-date-day\">01<\/span><br>\n\t\t\t\t\t\t\t\t<span class=\"post-date-month is-xsmall\">Mar<\/span>\n\t\t\t\t\t\t\t<\/div>\n\t\t\t\t\t\t<\/div>\n\t\t\t\t\t\t\t\t\t<\/div>\n\t\t\t<\/div>\n\t\t<\/div><div class=\"col post-item\" >\n\t\t\t<div class=\"col-inner\">\n\t\t\t\t<div class=\"box box-text-bottom box-blog-post has-hover\">\n            \t\t\t\t\t<div class=\"box-image\" >\n  \t\t\t\t\t\t<div class=\"image-cover\" style=\"padding-top:181px;\">\n\t\t\t\t\t\t\t<a href=\"https:\/\/kaniko.co.rs\/?p=680\" class=\"plain\" aria-label=\"I Sin\u0111eli\u0107i kupuju u KaNiko marketima\">\n\t\t\t\t\t\t\t\t<img decoding=\"async\" width=\"800\" height=\"286\" src=\"https:\/\/media2.kaniko.co.rs\/2021\/01\/mediji-800x286.jpg\" class=\"attachment-medium size-medium wp-post-image\" alt=\"\" srcset=\"http:\/\/media2.kaniko.co.rs\/2021\/01\/mediji-800x286.jpg 800w, http:\/\/media2.kaniko.co.rs\/2021\/01\/mediji-1400x501.jpg 1400w, http:\/\/media2.kaniko.co.rs\/2021\/01\/mediji-768x275.jpg 768w, http:\/\/media2.kaniko.co.rs\/2021\/01\/mediji-1536x550.jpg 1536w, http:\/\/media2.kaniko.co.rs\/2021\/01\/mediji-600x215.jpg 600w, http:\/\/media2.kaniko.co.rs\/2021\/01\/mediji.jpg 1920w\" sizes=\"(max-width: 800px) 100vw, 800px\" \/>\t\t\t\t\t\t\t<\/a>\n  \t\t\t\t\t\t\t  \t\t\t\t\t\t\t  \t\t\t\t\t\t<\/div>\n  \t\t\t\t\t\t  \t\t\t\t\t<\/div>\n          \t\t\t\t\t<div class=\"box-text text-center\" >\n\t\t\t\t\t<div class=\"box-text-inner blog-post-inner\">\n\n\t\t\t\t\t\n\t\t\t\t\t\t\t\t\t\t<h5 class=\"post-title is-large \">\n\t\t\t\t\t\t<a href=\"https:\/\/kaniko.co.rs\/?p=680\" class=\"plain\">I Sin\u0111eli\u0107i kupuju u KaNiko marketima<\/a>\n\t\t\t\t\t<\/h5>\n\t\t\t\t\t\t\t\t\t\t<div class=\"is-divider\"><\/div>\n\t\t\t\t\t\t\t\t\t\t<p class=\"from_the_blog_excerpt \">\n\t\t\t\t\t\t\t\t\t\t\t<\/p>\n\t\t\t\t\t                    \n\t\t\t\t\t\n\t\t\t\t\t\n\t\t\t\t\t<\/div>\n\t\t\t\t\t<\/div>\n\t\t\t\t\t\t\t\t\t\t\t\t\t\t\t\t<div class=\"badge absolute top post-date badge-outline\">\n\t\t\t\t\t\t\t<div class=\"badge-inner\">\n\t\t\t\t\t\t\t\t<span class=\"post-date-day\">20<\/span><br>\n\t\t\t\t\t\t\t\t<span class=\"post-date-month is-xsmall\">Jan<\/span>\n\t\t\t\t\t\t\t<\/div>\n\t\t\t\t\t\t<\/div>\n\t\t\t\t\t\t\t\t\t<\/div>\n\t\t\t<\/div>\n\t\t<\/div><div class=\"col post-item\" >\n\t\t\t<div class=\"col-inner\">\n\t\t\t\t<div class=\"box box-text-bottom box-blog-post has-hover\">\n            \t\t\t\t\t<div class=\"box-image\" >\n  \t\t\t\t\t\t<div class=\"image-cover\" style=\"padding-top:181px;\">\n\t\t\t\t\t\t\t<a href=\"https:\/\/kaniko.co.rs\/?p=673\" class=\"plain\" aria-label=\"Recept meseca &#8211; februar\">\n\t\t\t\t\t\t\t\t<img decoding=\"async\" width=\"320\" height=\"400\" src=\"https:\/\/media2.kaniko.co.rs\/2021\/01\/spencer-davis-8g3Rp7Z4lew-unsplash-320x400.jpg\" class=\"attachment-medium size-medium wp-post-image\" alt=\"\" srcset=\"http:\/\/media2.kaniko.co.rs\/2021\/01\/spencer-davis-8g3Rp7Z4lew-unsplash-320x400.jpg 320w, http:\/\/media2.kaniko.co.rs\/2021\/01\/spencer-davis-8g3Rp7Z4lew-unsplash-640x800.jpg 640w, http:\/\/media2.kaniko.co.rs\/2021\/01\/spencer-davis-8g3Rp7Z4lew-unsplash-600x750.jpg 600w, http:\/\/media2.kaniko.co.rs\/2021\/01\/spencer-davis-8g3Rp7Z4lew-unsplash.jpg 768w\" sizes=\"(max-width: 320px) 100vw, 320px\" \/>\t\t\t\t\t\t\t<\/a>\n  \t\t\t\t\t\t\t  \t\t\t\t\t\t\t  \t\t\t\t\t\t<\/div>\n  \t\t\t\t\t\t  \t\t\t\t\t<\/div>\n          \t\t\t\t\t<div class=\"box-text text-center\" >\n\t\t\t\t\t<div class=\"box-text-inner blog-post-inner\">\n\n\t\t\t\t\t\n\t\t\t\t\t\t\t\t\t\t<h5 class=\"post-title is-large \">\n\t\t\t\t\t\t<a href=\"https:\/\/kaniko.co.rs\/?p=673\" class=\"plain\">Recept meseca &#8211; februar<\/a>\n\t\t\t\t\t<\/h5>\n\t\t\t\t\t\t\t\t\t\t<div class=\"is-divider\"><\/div>\n\t\t\t\t\t\t\t\t\t\t<p class=\"from_the_blog_excerpt \">\n\t\t\t\t\t\tRecept meseca Recept meseca donosi hamburger koji je vrsta sendvi\u010da u okruglom pecivu. Prvo je [...]\t\t\t\t\t<\/p>\n\t\t\t\t\t                    \n\t\t\t\t\t\n\t\t\t\t\t\n\t\t\t\t\t<\/div>\n\t\t\t\t\t<\/div>\n\t\t\t\t\t\t\t\t\t\t\t\t\t\t\t\t<div class=\"badge absolute top post-date badge-outline\">\n\t\t\t\t\t\t\t<div class=\"badge-inner\">\n\t\t\t\t\t\t\t\t<span class=\"post-date-day\">20<\/span><br>\n\t\t\t\t\t\t\t\t<span class=\"post-date-month is-xsmall\">Jan<\/span>\n\t\t\t\t\t\t\t<\/div>\n\t\t\t\t\t\t<\/div>\n\t\t\t\t\t\t\t\t\t<\/div>\n\t\t\t<\/div>\n\t\t<\/div><div class=\"col post-item\" >\n\t\t\t<div class=\"col-inner\">\n\t\t\t\t<div class=\"box box-text-bottom box-blog-post has-hover\">\n            \t\t\t\t\t<div class=\"box-image\" >\n  \t\t\t\t\t\t<div class=\"image-cover\" style=\"padding-top:181px;\">\n\t\t\t\t\t\t\t<a href=\"https:\/\/kaniko.co.rs\/?p=669\" class=\"plain\" aria-label=\"Dan zaljubljenih\">\n\t\t\t\t\t\t\t\t<img decoding=\"async\" width=\"533\" height=\"400\" src=\"https:\/\/media2.kaniko.co.rs\/2021\/01\/desertne4-533x400.jpg\" class=\"attachment-medium size-medium wp-post-image\" alt=\"\" srcset=\"http:\/\/media2.kaniko.co.rs\/2021\/01\/desertne4-533x400.jpg 533w, http:\/\/media2.kaniko.co.rs\/2021\/01\/desertne4-1067x800.jpg 1067w, http:\/\/media2.kaniko.co.rs\/2021\/01\/desertne4-768x576.jpg 768w, http:\/\/media2.kaniko.co.rs\/2021\/01\/desertne4-600x450.jpg 600w, http:\/\/media2.kaniko.co.rs\/2021\/01\/desertne4.jpg 1440w\" sizes=\"(max-width: 533px) 100vw, 533px\" \/>\t\t\t\t\t\t\t<\/a>\n  \t\t\t\t\t\t\t  \t\t\t\t\t\t\t  \t\t\t\t\t\t<\/div>\n  \t\t\t\t\t\t  \t\t\t\t\t<\/div>\n          \t\t\t\t\t<div class=\"box-text text-center\" >\n\t\t\t\t\t<div class=\"box-text-inner blog-post-inner\">\n\n\t\t\t\t\t\n\t\t\t\t\t\t\t\t\t\t<h5 class=\"post-title is-large \">\n\t\t\t\t\t\t<a href=\"https:\/\/kaniko.co.rs\/?p=669\" class=\"plain\">Dan zaljubljenih<\/a>\n\t\t\t\t\t<\/h5>\n\t\t\t\t\t\t\t\t\t\t<div class=\"is-divider\"><\/div>\n\t\t\t\t\t\t\t\t\t\t<p class=\"from_the_blog_excerpt \">\n\t\t\t\t\t\t\t\t\t\t\t<\/p>\n\t\t\t\t\t                    \n\t\t\t\t\t\n\t\t\t\t\t\n\t\t\t\t\t<\/div>\n\t\t\t\t\t<\/div>\n\t\t\t\t\t\t\t\t\t\t\t\t\t\t\t\t<div class=\"badge absolute top post-date badge-outline\">\n\t\t\t\t\t\t\t<div class=\"badge-inner\">\n\t\t\t\t\t\t\t\t<span class=\"post-date-day\">20<\/span><br>\n\t\t\t\t\t\t\t\t<span class=\"post-date-month is-xsmall\">Jan<\/span>\n\t\t\t\t\t\t\t<\/div>\n\t\t\t\t\t\t<\/div>\n\t\t\t\t\t\t\t\t\t<\/div>\n\t\t\t<\/div>\n\t\t<\/div><div class=\"col post-item\" >\n\t\t\t<div class=\"col-inner\">\n\t\t\t\t<div class=\"box box-text-bottom box-blog-post has-hover\">\n            \t\t\t\t\t<div class=\"box-image\" >\n  \t\t\t\t\t\t<div class=\"image-cover\" style=\"padding-top:181px;\">\n\t\t\t\t\t\t\t<a href=\"https:\/\/kaniko.co.rs\/?p=20\" class=\"plain\" aria-label=\"Lansiran novi website KaNiko!\">\n\t\t\t\t\t\t\t\t<img decoding=\"async\" width=\"559\" height=\"340\" src=\"https:\/\/media2.kaniko.co.rs\/2015\/11\/vebsajt.png\" class=\"attachment-medium size-medium wp-post-image\" alt=\"\" \/>\t\t\t\t\t\t\t<\/a>\n  \t\t\t\t\t\t\t  \t\t\t\t\t\t\t  \t\t\t\t\t\t<\/div>\n  \t\t\t\t\t\t  \t\t\t\t\t<\/div>\n          \t\t\t\t\t<div class=\"box-text text-center\" >\n\t\t\t\t\t<div class=\"box-text-inner blog-post-inner\">\n\n\t\t\t\t\t\n\t\t\t\t\t\t\t\t\t\t<h5 class=\"post-title is-large \">\n\t\t\t\t\t\t<a href=\"https:\/\/kaniko.co.rs\/?p=20\" class=\"plain\">Lansiran novi website KaNiko!<\/a>\n\t\t\t\t\t<\/h5>\n\t\t\t\t\t\t\t\t\t\t<div class=\"is-divider\"><\/div>\n\t\t\t\t\t\t\t\t\t\t<p class=\"from_the_blog_excerpt \">\n\t\t\t\t\t\tLansiran novi website KaNiko! KaNiko je lansirao novu web stranicu i uzbu\u0111eni smo \u0161to \u0107emo [...]\t\t\t\t\t<\/p>\n\t\t\t\t\t                    \n\t\t\t\t\t\n\t\t\t\t\t\n\t\t\t\t\t<\/div>\n\t\t\t\t\t<\/div>\n\t\t\t\t\t\t\t\t\t\t\t\t\t\t\t\t<div class=\"badge absolute top post-date badge-outline\">\n\t\t\t\t\t\t\t<div class=\"badge-inner\">\n\t\t\t\t\t\t\t\t<span class=\"post-date-day\">19<\/span><br>\n\t\t\t\t\t\t\t\t<span class=\"post-date-month is-xsmall\">Nov<\/span>\n\t\t\t\t\t\t\t<\/div>\n\t\t\t\t\t\t<\/div>\n\t\t\t\t\t\t\t\t\t<\/div>\n\t\t\t<\/div>\n\t\t<\/div><\/div>\n","protected":false},"excerpt":{"rendered":"","protected":false},"author":1,"featured_media":17,"parent":71,"menu_order":4,"comment_status":"closed","ping_status":"closed","template":"page-blank.php","meta":{"footnotes":""},"class_list":["post-37","page","type-page","status-publish","has-post-thumbnail","hentry"],"jetpack_sharing_enabled":true,"_links":{"self":[{"href":"https:\/\/kaniko.co.rs\/index.php?rest_route=\/wp\/v2\/pages\/37","targetHints":{"allow":["GET"]}}],"collection":[{"href":"https:\/\/kaniko.co.rs\/index.php?rest_route=\/wp\/v2\/pages"}],"about":[{"href":"https:\/\/kaniko.co.rs\/index.php?rest_route=\/wp\/v2\/types\/page"}],"author":[{"embeddable":true,"href":"https:\/\/kaniko.co.rs\/index.php?rest_route=\/wp\/v2\/users\/1"}],"replies":[{"embeddable":true,"href":"https:\/\/kaniko.co.rs\/index.php?rest_route=%2Fwp%2Fv2%2Fcomments&post=37"}],"version-history":[{"count":19,"href":"https:\/\/kaniko.co.rs\/index.php?rest_route=\/wp\/v2\/pages\/37\/revisions"}],"predecessor-version":[{"id":1011,"href":"https:\/\/kaniko.co.rs\/index.php?rest_route=\/wp\/v2\/pages\/37\/revisions\/1011"}],"up":[{"embeddable":true,"href":"https:\/\/kaniko.co.rs\/index.php?rest_route=\/wp\/v2\/pages\/71"}],"wp:featuredmedia":[{"embeddable":true,"href":"https:\/\/kaniko.co.rs\/index.php?rest_route=\/wp\/v2\/media\/17"}],"wp:attachment":[{"href":"https:\/\/kaniko.co.rs\/index.php?rest_route=%2Fwp%2Fv2%2Fmedia&parent=37"}],"curies":[{"name":"wp","href":"https:\/\/api.w.org\/{rel}","templated":true}]}}